{"id":36,"date":"2022-05-14T09:01:17","date_gmt":"2022-05-14T09:01:17","guid":{"rendered":"https:\/\/sve-erzgebirge.de\/?post_type=product&amp;p=36"},"modified":"2022-05-14T09:01:17","modified_gmt":"2022-05-14T09:01:17","slug":"tatratea-67-apple-pear-tea-likoer-07-l","status":"publish","type":"product","link":"https:\/\/sve-erzgebirge.de\/index.php\/produkt\/tatratea-67-apple-pear-tea-likoer-07-l\/","title":{"rendered":"Tatratea 67 % Apple &#038; Pear Tea Lik\u00f6r 0,7 l"},"content":{"rendered":"<p>Stellen Sie sich den Geruch von Apfelstrudel vor, der durch den Raum getragen wird. Genau das werden Sie f\u00fchlen, wenn Sie die Apfelbirne Tatratea \u00f6ffnen. Sie werden eine k\u00f6stliche Birne mit w\u00fcrzigem Ingwer, Zimt und Vanille, erg\u00e4nzt durch s\u00fc\u00dfes Karamell, genie\u00dfen.<\/p>\n<h2>Details &amp; Zutaten<\/h2>\n<p><strong>Alkoholgehalt:<\/strong>\u00a067% vol.<\/p>\n<p><strong>Zutaten:<\/strong><\/p>\n<p>Wasser, Alkohol, Zucker, Destillate (Birne, Apfel, Wein, Pflaume), Aromen, Kr\u00e4uter- und Teemazerate, Konzentrate (Apfel, Birne)<\/p>\n<p><strong>Herkunftsland:<\/strong>\u00a0Slowakei<\/p>\n","protected":false},"excerpt":{"rendered":"<p>Stellen Sie sich den Geruch von Apfelstrudel vor, der durch den Raum getragen wird. Genau das werden Sie f\u00fchlen, wenn Sie die Apfelbirne Tatratea \u00f6ffnen. Sie werden eine k\u00f6stliche Birne mit w\u00fcrzigem Ingwer, Zimt und Vanille, erg\u00e4nzt durch s\u00fc\u00dfes Karamell, genie\u00dfen.<\/p>\n","protected":false},"featured_media":44,"comment_status":"closed","ping_status":"closed","template":"","meta":[],"product_brand":[],"product_cat":[19],"product_tag":[],"class_list":{"0":"post-36","1":"product","2":"type-product","3":"status-publish","4":"has-post-thumbnail","6":"product_cat-spirituosen","7":"product_shipping_class-dhl","9":"first","10":"instock","11":"taxable","12":"shipping-taxable","13":"purchasable","14":"product-type-simple"},"_links":{"self":[{"href":"https:\/\/sve-erzgebirge.de\/index.php\/wp-json\/wp\/v2\/product\/36","targetHints":{"allow":["GET"]}}],"collection":[{"href":"https:\/\/sve-erzgebirge.de\/index.php\/wp-json\/wp\/v2\/product"}],"about":[{"href":"https:\/\/sve-erzgebirge.de\/index.php\/wp-json\/wp\/v2\/types\/product"}],"replies":[{"embeddable":true,"href":"https:\/\/sve-erzgebirge.de\/index.php\/wp-json\/wp\/v2\/comments?post=36"}],"wp:featuredmedia":[{"embeddable":true,"href":"https:\/\/sve-erzgebirge.de\/index.php\/wp-json\/wp\/v2\/media\/44"}],"wp:attachment":[{"href":"https:\/\/sve-erzgebirge.de\/index.php\/wp-json\/wp\/v2\/media?parent=36"}],"wp:term":[{"taxonomy":"product_brand","embeddable":true,"href":"https:\/\/sve-erzgebirge.de\/index.php\/wp-json\/wp\/v2\/product_brand?post=36"},{"taxonomy":"product_cat","embeddable":true,"href":"https:\/\/sve-erzgebirge.de\/index.php\/wp-json\/wp\/v2\/product_cat?post=36"},{"taxonomy":"product_tag","embeddable":true,"href":"https:\/\/sve-erzgebirge.de\/index.php\/wp-json\/wp\/v2\/product_tag?post=36"}],"curies":[{"name":"wp","href":"https:\/\/api.w.org\/{rel}","templated":true}]}}